{"id":77,"date":"2022-02-10T09:26:08","date_gmt":"2022-02-10T09:26:08","guid":{"rendered":"https:\/\/sarah-fabi.com\/wpsarah\/?page_id=77"},"modified":"2024-03-15T17:52:19","modified_gmt":"2024-03-15T17:52:19","slug":"psychology","status":"publish","type":"page","link":"https:\/\/sarah-fabi.com\/wpsarah\/psychology\/","title":{"rendered":"Psychology."},"content":{"rendered":"\n<div class=\"wp-block-media-text alignwide is-stacked-on-mobile\"><figure class=\"wp-block-media-text__media\"><img loading=\"lazy\" decoding=\"async\" width=\"683\" height=\"1024\" src=\"https:\/\/sarah-fabi.com\/wpsarah\/wp-content\/uploads\/2022\/02\/4-2-683x1024.jpg\" alt=\"\" class=\"wp-image-154 size-full\" srcset=\"https:\/\/sarah-fabi.com\/wpsarah\/wp-content\/uploads\/2022\/02\/4-2-683x1024.jpg 683w, https:\/\/sarah-fabi.com\/wpsarah\/wp-content\/uploads\/2022\/02\/4-2-200x300.jpg 200w, https:\/\/sarah-fabi.com\/wpsarah\/wp-content\/uploads\/2022\/02\/4-2-768x1152.jpg 768w, https:\/\/sarah-fabi.com\/wpsarah\/wp-content\/uploads\/2022\/02\/4-2-1024x1536.jpg 1024w, https:\/\/sarah-fabi.com\/wpsarah\/wp-content\/uploads\/2022\/02\/4-2-1365x2048.jpg 1365w, https:\/\/sarah-fabi.com\/wpsarah\/wp-content\/uploads\/2022\/02\/4-2-900x1350.jpg 900w, https:\/\/sarah-fabi.com\/wpsarah\/wp-content\/uploads\/2022\/02\/4-2-500x750.jpg 500w, https:\/\/sarah-fabi.com\/wpsarah\/wp-content\/uploads\/2022\/02\/4-2-scaled.jpg 1707w\" sizes=\"auto, (max-width: 683px) 100vw, 683px\" \/><\/figure><div class=\"wp-block-media-text__content\">\n<p>My doctoral journey in psychology at the University of T\u00fcbingen was centered around exploring the neural and behavioral dimensions of empathy for pain. My accomplishments during my academic studies were recognized with a postgraduate fellowship from the state of Baden-W\u00fcrttemberg, providing support for my Ph.D. project. My expertise expanded to encompass various psychophysiological measurements, including electroencephalography and electrodermal activity, as well as the statistical analysis of such high-dimensional data. These skills not only solidified my foundation in psychology but also facilitated my venture into <a href=\"https:\/\/sarah-fabi.com\/wpsarah\/machine-learning\/\" data-type=\"link\" data-id=\"https:\/\/sarah-fabi.com\/wpsarah\/machine-learning\/\">machine learning<\/a>, enriching my subsequent research endeavors across both domains.<\/p>\n<\/div><\/div>\n\n\n\n<p><em>Media appearances:<\/em><\/p>\n\n\n\n<p>\u2022 <a href=\"https:\/\/www.deutschlandfunk.de\/wann-zeigen-menschen-empathie-ursachen-grenzen-und-gefahren-dlf-ba5e95c6-100.html\" data-type=\"URL\" data-id=\"https:\/\/www.deutschlandfunk.de\/wann-zeigen-menschen-empathie-ursachen-grenzen-und-gefahren-dlf-ba5e95c6-100.html\" target=\"_blank\" rel=\"noreferrer noopener\">Rehse-Knauff, L. (24.03.2022). Wann zeigen Menschen Empathie? Ursachen, Grenzen und Gefahren. <em><strong>Deutschlandfunk<\/strong>.<\/em><\/a><\/p>\n\n\n\n<p>\u2022 <a href=\"https:\/\/www.ndr.de\/kultur\/Empathie-Ukraine-Fluechtlinge-Psychologin-erklaert-Verhalten,empathie104.html\" data-type=\"URL\" data-id=\"https:\/\/www.ndr.de\/kultur\/Empathie-Ukraine-Fluechtlinge-Psychologin-erklaert-Verhalten,empathie104.html\" target=\"_blank\" rel=\"noreferrer noopener\">Kreiskott, M. (30.03.2022). Empathie f\u00fcr Ukrainefl\u00fcchtlinge: Psychologin erkl\u00e4rt unser Verhalten. <em><strong>NDR Kultur.<\/strong><\/em><\/a><\/p>\n\n\n\n<p><em>Presentations:<\/em><\/p>\n\n\n\n<p>\u2022 Fabi, S., &amp; Leuthold, H. (2019). Investigating empathy for pain toward racial in- and outgroup targets with ERPs and EEG oscillations. Poster presented at the 4th <strong>Workshop<\/strong> <strong>Understanding others <\/strong>&#8212;<strong> Integration of social cognitive and affective processes,<\/strong> Munich.<\/p>\n\n\n\n<p>\u2022 Fabi, S., &amp; Leuthold, H. (2018). Racial bias influences on empathic information processing &#8212; An EEG study. Poster presented at the Social and Affective Neuroscience Society Meeting (<strong>SANS<\/strong>), New York.<\/p>\n\n\n\n<p>\u2022 Fabi, S., &amp; Leuthold, H. (2018). Measuring empathic influences on perceptual and motor processing with ERPs, EEG oscillations, and response force. Poster presented at the Cognitive Neuroscience Society Meeting (<strong>CNS<\/strong>), Boston.<\/p>\n\n\n\n<p>\u2022 Fabi, S., Mackenzie, I.G., &amp; Leuthold, H. (2017). Are empathic influences on information processing subject to racial bias? An EEG study. Poster presented at the 59th Conference of Experimental Psychologists (<strong>TeaP<\/strong>), Dresden.<\/p>\n\n\n\n<p><em>Peer-reviewed papers:<\/em><\/p>\n\n\n\n<p>\u2022 <a href=\"https:\/\/journals.plos.org\/plosone\/article?id=10.1371\/journal.pone.0225102\" data-type=\"URL\" data-id=\"https:\/\/journals.plos.org\/plosone\/article?id=10.1371\/journal.pone.0225102\" target=\"_blank\" rel=\"noreferrer noopener\">Fabi, S., Weber, L.A., &amp; Leuthold, H. (2019).&nbsp;<strong>Empathic Concern and Personal Distress depend on situational but not dispositional factors.&nbsp;<\/strong>PLOS ONE, 14 (11), e0225102.<\/a><\/p>\n\n\n\n<p>\u2022 <a rel=\"noreferrer noopener\" href=\"https:\/\/publikationen.uni-tuebingen.de\/xmlui\/bitstream\/handle\/10900\/85128\/ThesisFabi.pdf?sequence=1&amp;isAllowed=y\" data-type=\"URL\" data-id=\"https:\/\/publikationen.uni-tuebingen.de\/xmlui\/bitstream\/handle\/10900\/85128\/ThesisFabi.pdf?sequence=1&amp;isAllowed=y\" target=\"_blank\">Fabi, S. (2018).&nbsp;<strong>How do we process pain in others? Investigating&nbsp;behavioral&nbsp;and neural correlates of empathy. <\/strong>(Dissertation thesis)<\/a><\/p>\n\n\n\n<p>\u2022 <a href=\"https:\/\/www.sciencedirect.com\/science\/article\/abs\/pii\/S0028393218301659\" data-type=\"URL\" data-id=\"https:\/\/www.sciencedirect.com\/science\/article\/abs\/pii\/S0028393218301659\" target=\"_blank\" rel=\"noreferrer noopener\">Fabi, S., &amp; Leuthold, H. (2018).&nbsp;<strong>Racial bias in empathy: Do we process dark- and fair-colored&nbsp;hands in pain differently? An EEG study.&nbsp;<\/strong>Neuropsychologia, 114, 143-157.<\/a><\/p>\n\n\n\n<p>\u2022 <a rel=\"noreferrer noopener\" href=\"https:\/\/www.tandfonline.com\/eprint\/DiubSaGSQC5P63s7YZAm\/full\" data-type=\"URL\" data-id=\"https:\/\/www.tandfonline.com\/eprint\/DiubSaGSQC5P63s7YZAm\/full\" target=\"_blank\">Fabi, S., &amp; Leuthold, H. (2017).&nbsp;<strong>Empathy for pain influences perceptual and motor processing: Evidence from response force, ERPs, and EEG oscillations<\/strong>. Social Neuroscience, 12, 701-716.<\/a><\/p>\n\n\n\n<p>You can find my Google Scholar profile <a href=\"https:\/\/scholar.google.com\/citations?user=6gHzym4AAAAJ&amp;hl=en&amp;oi=ao\" data-type=\"URL\" data-id=\"https:\/\/scholar.google.com\/citations?user=6gHzym4AAAAJ&amp;hl=en&amp;oi=ao\" target=\"_blank\" rel=\"noreferrer noopener\">here<\/a>.<\/p>\n","protected":false},"excerpt":{"rendered":"<p>My doctoral journey in psychology at the University of T\u00fcbingen was centered around exploring the neural and behavioral dimensions of empathy for [&hellip;]<\/p>\n","protected":false},"author":1,"featured_media":0,"parent":0,"menu_order":0,"comment_status":"closed","ping_status":"closed","template":"","meta":{"footnotes":""},"class_list":{"0":"post-77","1":"page","2":"type-page","3":"status-publish","5":"col-md-12"},"_links":{"self":[{"href":"https:\/\/sarah-fabi.com\/wpsarah\/wp-json\/wp\/v2\/pages\/77","targetHints":{"allow":["GET"]}}],"collection":[{"href":"https:\/\/sarah-fabi.com\/wpsarah\/wp-json\/wp\/v2\/pages"}],"about":[{"href":"https:\/\/sarah-fabi.com\/wpsarah\/wp-json\/wp\/v2\/types\/page"}],"author":[{"embeddable":true,"href":"https:\/\/sarah-fabi.com\/wpsarah\/wp-json\/wp\/v2\/users\/1"}],"replies":[{"embeddable":true,"href":"https:\/\/sarah-fabi.com\/wpsarah\/wp-json\/wp\/v2\/comments?post=77"}],"version-history":[{"count":27,"href":"https:\/\/sarah-fabi.com\/wpsarah\/wp-json\/wp\/v2\/pages\/77\/revisions"}],"predecessor-version":[{"id":339,"href":"https:\/\/sarah-fabi.com\/wpsarah\/wp-json\/wp\/v2\/pages\/77\/revisions\/339"}],"wp:attachment":[{"href":"https:\/\/sarah-fabi.com\/wpsarah\/wp-json\/wp\/v2\/media?parent=77"}],"curies":[{"name":"wp","href":"https:\/\/api.w.org\/{rel}","templated":true}]}}