{"id":69,"date":"2022-02-10T09:16:47","date_gmt":"2022-02-10T09:16:47","guid":{"rendered":"https:\/\/sarah-fabi.com\/wpsarah\/?page_id=69"},"modified":"2025-12-18T12:40:00","modified_gmt":"2025-12-18T12:40:00","slug":"machine-learning","status":"publish","type":"page","link":"https:\/\/sarah-fabi.com\/wpsarah\/machine-learning\/","title":{"rendered":"Machine learning."},"content":{"rendered":"\n<div class=\"wp-block-media-text alignwide is-stacked-on-mobile\"><figure class=\"wp-block-media-text__media\"><img loading=\"lazy\" decoding=\"async\" width=\"683\" height=\"1024\" src=\"https:\/\/sarah-fabi.com\/wpsarah\/wp-content\/uploads\/2022\/02\/IMG_0627-1-683x1024.jpg\" alt=\"\" class=\"wp-image-143 size-full\" srcset=\"https:\/\/sarah-fabi.com\/wpsarah\/wp-content\/uploads\/2022\/02\/IMG_0627-1-683x1024.jpg 683w, https:\/\/sarah-fabi.com\/wpsarah\/wp-content\/uploads\/2022\/02\/IMG_0627-1-200x300.jpg 200w, https:\/\/sarah-fabi.com\/wpsarah\/wp-content\/uploads\/2022\/02\/IMG_0627-1-768x1152.jpg 768w, https:\/\/sarah-fabi.com\/wpsarah\/wp-content\/uploads\/2022\/02\/IMG_0627-1-1024x1536.jpg 1024w, https:\/\/sarah-fabi.com\/wpsarah\/wp-content\/uploads\/2022\/02\/IMG_0627-1-1365x2048.jpg 1365w, https:\/\/sarah-fabi.com\/wpsarah\/wp-content\/uploads\/2022\/02\/IMG_0627-1-900x1350.jpg 900w, https:\/\/sarah-fabi.com\/wpsarah\/wp-content\/uploads\/2022\/02\/IMG_0627-1-500x750.jpg 500w, https:\/\/sarah-fabi.com\/wpsarah\/wp-content\/uploads\/2022\/02\/IMG_0627-1-scaled.jpg 1707w\" sizes=\"auto, (max-width: 683px) 100vw, 683px\" \/><\/figure><div class=\"wp-block-media-text__content\">\n<p>In the concluding stages of my Ph.D. in <a href=\"https:\/\/sarah-fabi.com\/wpsarah\/psychology\/\">psychology<\/a>, I self-taught a range of machine learning techniques, with a particular focus on artificial neural networks. This initiative led me to broaden my research scope by pursuing a postdoctoral position in computational modeling approaches. At the University of T\u00fcbingen, I explored enhancements to artificial neural networks through the integration of inductive biases inspired by human cognition. <\/p>\n<\/div><\/div>\n\n\n\n<p>My research journey included a tenure as a visiting scholar in Prof. Virginia de Sa&#8217;s lab at the Hal\u0131c\u0131o\u011flu Data Science Institute at UC San Diego. Here, I leveraged a computer vision model to address a psychological research question, an endeavor supported by a fellowship from the Science department of the University of T\u00fcbingen. Additionally, a visit to Stanford University enabled me to examine machine intuition in large language models through psychological methods, contributing to a publication in <a href=\"https:\/\/www.nature.com\/articles\/s43588-023-00527-x\">Nature Computational Science<\/a>.<\/p>\n\n\n\n<p>These experiences paved the way to my current position as an AI Researcher at Mercedes-Benz AG, where I am tasked with developing the Mercedes Virtual Assistant as well as making generative AI usable for the company.<\/p>\n\n\n\n<p><em>Media appearance:<\/em><\/p>\n\n\n\n<p><a href=\"https:\/\/slate.com\/technology\/2022\/12\/lensas-a-i-avatars-the-uncomfortable-places-their-magic-comes-from.html\" data-type=\"link\" data-id=\"https:\/\/slate.com\/technology\/2022\/12\/lensas-a-i-avatars-the-uncomfortable-places-their-magic-comes-from.html\">\u2022 Tal Murphy, H. (10.12.2022). Who painted that new cosmic you? <em>Slate.<\/em><\/a><\/p>\n\n\n\n<p><em>Peer-reviewed papers:<\/em><\/p>\n\n\n\n<p><a href=\"https:\/\/arxiv.org\/abs\/2504.10615\" data-type=\"URL\" data-id=\"https:\/\/arxiv.org\/abs\/2212.05206\" target=\"_blank\" rel=\"noreferrer noopener\">\u2022&nbsp;Hagendorff, T. &amp; Fabi, S. (2025): <strong>Beyond chains of thought: Benchmarking latent-space reasoning abilities in Large Language Models<\/strong>. In arXiv:2504.10615.<\/a><\/p>\n\n\n\n<p><a href=\"https:\/\/www.nature.com\/articles\/s43588-023-00527-x\" data-type=\"URL\" data-id=\"https:\/\/arxiv.org\/abs\/2212.05206\" target=\"_blank\" rel=\"noreferrer noopener\">\u2022 Hagendorff, T., Fabi, S., &amp; Kosinski, M. (2023). <strong>Human-like intuitive behavior and reasoning biases emerged in large language models but disappeared in ChatGPT.<\/strong> Nature Computational Science, 3<\/a>.<\/p>\n\n\n\n<p><a href=\"https:\/\/www.tandfonline.com\/doi\/abs\/10.1080\/0952813X.2023.2178517\">\u2022 Hagendorff, T. &amp; Fabi, S. (2023).<strong> Why we need biased AI &#8211; How including cognitive biases can enhance AI systems.<\/strong> Journal of Experimental &amp; Theoretical Artificial Intelligence.<\/a><\/p>\n\n\n\n<p><a href=\"https:\/\/openreview.net\/forum?id=jrddoq9NDP6\" target=\"_blank\" rel=\"noreferrer noopener\">\u2022 Raina, R., Monares, M., Xu, M., Fabi, S., Xu, X., Li, L., Sumerfield, W., Gan, J., &amp; Virginia R. de Sa. (2022). <strong>Exploring biases in facial expression analysis using synthetic faces.<\/strong> In NeurIPS Workshop SyntheticData4ML.<\/a><\/p>\n\n\n\n<p><a rel=\"noreferrer noopener\" href=\"https:\/\/escholarship.org\/uc\/item\/1db0b5vj#author\" data-type=\"URL\" data-id=\"https:\/\/escholarship.org\/uc\/item\/1db0b5vj#author\" target=\"_blank\">\u2022 Fabi, S., Xu, X., &amp; de Sa, V.R. (2022)<strong>. Exploring the racial bias in pain detection with a computer vision model.<\/strong> Proceedings of the Annual Meeting of the Cognitive Science Society, 44.<\/a><\/p>\n\n\n\n<p><a rel=\"noreferrer noopener\" href=\"https:\/\/escholarship.org\/uc\/item\/5gc37628\" data-type=\"URL\" data-id=\"https:\/\/escholarship.org\/uc\/item\/5gc37628\" target=\"_blank\">\u2022 Fabi, S.,&nbsp;Holzwarth, L., &amp;&nbsp;Butz, M.V. (2022).&nbsp;<strong>Efficient learning through compositionality in a CNN-RNN model consisting of a bottom-up and a top-down pathway.<\/strong> Proceedings of the Annual Meeting of the Cognitive Science Society, 44.<\/a><\/p>\n\n\n\n<p><a rel=\"noreferrer noopener\" href=\"https:\/\/ieeexplore.ieee.org\/abstract\/document\/9849837\" target=\"_blank\">\u2022 Fabi, S.,&nbsp;Otte, S., Scholz, F.,&nbsp;W\u00fchrer, J.,&nbsp;Karlbauer, M., &amp;&nbsp;Butz, M.V. (2022).&nbsp;<strong>Extending the Omniglot Challenge: Imitating handwriting styles on a new sequential data set.<\/strong> IEEE Transactions on Cognitive and Developmental Systems.<\/a><\/p>\n\n\n\n<p>\u2022 <a href=\"https:\/\/openreview.net\/pdf\/50051414b2aece1297296407be5b7977073f2d1c.pdf\" data-type=\"URL\" data-id=\"https:\/\/openreview.net\/pdf\/50051414b2aece1297296407be5b7977073f2d1c.pdf\" target=\"_blank\" rel=\"noreferrer noopener\">Fabi, S.,&nbsp;Otte, S., &amp;&nbsp;Butz, M.V. (2021).&nbsp;<strong>Compositionality as learning bias in generative RNNs solves the&nbsp;Omniglot&nbsp;challenge<\/strong>. In International Conference on Learning Representations (ICLR) &#8211; Workshop Learning to Learn.<\/a><\/p>\n\n\n\n<p>\u2022 <a rel=\"noreferrer noopener\" href=\"https:\/\/link.springer.com\/chapter\/10.1007\/978-3-030-86340-1_42\" data-type=\"URL\" data-id=\"https:\/\/link.springer.com\/chapter\/10.1007\/978-3-030-86340-1_42\" target=\"_blank\">Fabi, S.,&nbsp;Otte, S., &amp;&nbsp;Butz, M.V. (2021).<strong> Fostering compositionality in latent, generative encodings to solve the&nbsp;Omniglot&nbsp;challenge<\/strong>. In I. Farkas, P.&nbsp;Masulli, S.&nbsp;Otte, &amp; S.&nbsp;Wermter&nbsp;(Eds.), Proceedings of Artificial Neural Networks and Machine Learning \u2013 ICANN 2021, Part II, 525-536.<\/a><\/p>\n\n\n\n<p>\u2022 <a href=\"https:\/\/www.esann.org\/sites\/default\/files\/proceedings\/2020\/ES2020-174.pdf\" data-type=\"URL\" data-id=\"https:\/\/www.esann.org\/sites\/default\/files\/proceedings\/2020\/ES2020-174.pdf\" target=\"_blank\" rel=\"noreferrer noopener\">Hobbhahn, M.,&nbsp;Butz, M.V.,&nbsp;Fabi, S., &amp;&nbsp;Otte, S. (2020).&nbsp;<strong>Sequence classification using ensembles of recurrent generative expert modules<\/strong>. In Proceedings of the 28th European Symposium on Artificial Neural Networks, Computational Intelligence and Machine Learning \u2013 ESANN 2020, 333-338.<\/a><\/p>\n\n\n\n<p>\u2022 <a rel=\"noreferrer noopener\" href=\"https:\/\/link.springer.com\/chapter\/10.1007\/978-3-030-61609-0_12\" data-type=\"URL\" data-id=\"https:\/\/link.springer.com\/chapter\/10.1007\/978-3-030-61609-0_12\" target=\"_blank\">Fabi, S.,&nbsp;Otte, S., Wiese, J.G., &amp;&nbsp;Butz, M.V. (2020).&nbsp;<strong>Investigating efficient learning and compositionality in generative LSTM networks<\/strong>. In I. Farkas, P.&nbsp;Masulli, &amp; S.&nbsp;Wermter&nbsp;(Eds.), Proceedings of Artificial Neural Networks and Machine Learning \u2013 ICANN 2020, 143-154.<\/a><\/p>\n\n\n\n<p><em>Media appearances: <\/em><\/p>\n\n\n\n<p><a href=\"https:\/\/slate.com\/technology\/2022\/12\/lensas-a-i-avatars-the-uncomfortable-places-their-magic-comes-from.html?ref=upstract.com\" data-type=\"URL\" data-id=\"https:\/\/slate.com\/technology\/2022\/12\/lensas-a-i-avatars-the-uncomfortable-places-their-magic-comes-from.html?ref=upstract.com\" target=\"_blank\" rel=\"noreferrer noopener\">\u2022 Murphy, H. T. (10.12.2022) Who Painted That New Cosmic You? &#8211; Lensa\u2019s trippy, A.I.-generated avatars are a viral hit. But their magic comes from an unsettling place. <strong>Slate.<\/strong><\/a><\/p>\n\n\n\n<p><em>Presentations: <\/em><\/p>\n\n\n\n<p>\u2022 Fabi, S. (2022). Applying Cognitive Science to Machine Learning and vice versa. Research Talk, <strong>DeepMind, <\/strong>London.<\/p>\n\n\n\n<p>\u2022 Fabi, S. (2022). Efficient learning in generative RNNs: Solving one-shot tasks by including compositionality as an inductive bias. Tech Talk,<strong> Amazon<\/strong>, T\u00fcbingen.<\/p>\n\n\n\n<p>\u2022 Fabi, S. (2022). Machine learning for psychological research: Using the example of the racial bias in pain recognition. Machine Learning in Science: Postdoc Symposium of the <strong>Cluster of Excellence<\/strong>, T\u00fcbingen.<\/p>\n\n\n\n<p>\u2022 Fabi, S.,&nbsp;Otte, S. &amp;&nbsp;Butz, M.V. (2021). Fostering compositionality in generative RNNs to solve the&nbsp;Omniglot&nbsp;challenge. Oral presentation at the<strong> Computational Cognition Workshop<\/strong>.<\/p>\n\n\n\n<p>\u2022 Fabi, S.,&nbsp;Otte, S., &amp;&nbsp;Butz, M.V. (2021). Fostering compositionality in latent, generative encodings to solve the&nbsp;Omniglot&nbsp;challenge. Oral presentation at the 30th International Conference on Artificial Neural Networks (<strong>ICANN<\/strong>).<\/p>\n\n\n\n<p>\u2022 Fabi, S.,&nbsp;Otte, S. &amp;&nbsp;Butz, M.V. (2021). Does compositionality as a prior in Generative RNNs lead to efficient learning of temporal predictions?. Oral presentation at the <strong>ICDL <\/strong>Workshop&nbsp;Spatio-temporal Aspects of Embodied Predictive Processing.<\/p>\n\n\n\n<p>\u2022 Fabi,&nbsp;&nbsp;S.,&nbsp;&nbsp;Otte,&nbsp;&nbsp;S.,&nbsp;&nbsp;&amp;&nbsp;Butz,&nbsp;&nbsp;M.V. (2021). Compositionality as learning bias in generative RNNs solves the&nbsp;Omniglot&nbsp;challenge. Poster presented at International Conference on Learning Representations (<strong>ICLR<\/strong>) &#8211; Workshop Learning to Learn.<\/p>\n\n\n\n<p>You can find my Google Scholar profile <a href=\"https:\/\/scholar.google.com\/citations?user=6gHzym4AAAAJ&amp;hl=en&amp;oi=ao\" data-type=\"URL\" data-id=\"https:\/\/scholar.google.com\/citations?user=6gHzym4AAAAJ&amp;hl=en&amp;oi=ao\" target=\"_blank\" rel=\"noreferrer noopener\">here<\/a>.<\/p>\n","protected":false},"excerpt":{"rendered":"<p>In the concluding stages of my Ph.D. in psychology, I self-taught a range of machine learning techniques, with a particular focus on [&hellip;]<\/p>\n","protected":false},"author":1,"featured_media":0,"parent":0,"menu_order":0,"comment_status":"closed","ping_status":"closed","template":"","meta":{"footnotes":""},"class_list":{"0":"post-69","1":"page","2":"type-page","3":"status-publish","5":"col-md-12"},"_links":{"self":[{"href":"https:\/\/sarah-fabi.com\/wpsarah\/wp-json\/wp\/v2\/pages\/69","targetHints":{"allow":["GET"]}}],"collection":[{"href":"https:\/\/sarah-fabi.com\/wpsarah\/wp-json\/wp\/v2\/pages"}],"about":[{"href":"https:\/\/sarah-fabi.com\/wpsarah\/wp-json\/wp\/v2\/types\/page"}],"author":[{"embeddable":true,"href":"https:\/\/sarah-fabi.com\/wpsarah\/wp-json\/wp\/v2\/users\/1"}],"replies":[{"embeddable":true,"href":"https:\/\/sarah-fabi.com\/wpsarah\/wp-json\/wp\/v2\/comments?post=69"}],"version-history":[{"count":35,"href":"https:\/\/sarah-fabi.com\/wpsarah\/wp-json\/wp\/v2\/pages\/69\/revisions"}],"predecessor-version":[{"id":349,"href":"https:\/\/sarah-fabi.com\/wpsarah\/wp-json\/wp\/v2\/pages\/69\/revisions\/349"}],"wp:attachment":[{"href":"https:\/\/sarah-fabi.com\/wpsarah\/wp-json\/wp\/v2\/media?parent=69"}],"curies":[{"name":"wp","href":"https:\/\/api.w.org\/{rel}","templated":true}]}}